{"id":29,"date":"2011-12-21T15:17:32","date_gmt":"2011-12-21T14:17:32","guid":{"rendered":"http:\/\/www.delphidb.de\/wp-test\/?page_id=29"},"modified":"2012-01-14T11:55:44","modified_gmt":"2012-01-14T11:55:44","slug":"wind","status":"publish","type":"page","link":"http:\/\/www.buergerenergie-retzstadt.de\/?page_id=29","title":{"rendered":"Wind"},"content":{"rendered":"<p>Durch die Gesetzgebung der Bundesregierung ist es privaten Investoren seit etwa 20 Jahren m\u00f6glich ein Windrad zur Stromerzeugung mit Aussicht auf wirtschaftlichen Erfolg zu betreiben. Anfangs war dies nur an Starkwindstandorten an der K\u00fcste sinnvoll. Durch kontinuierliche technische Weiterentwicklung sind mittlerweile auch spezielle Anlagen f\u00fcr den Betrieb an sogenannten Schwachwindstandorten im Binnenland erh\u00e4ltlich. Diese zeichnen sich unter anderem durch gro\u00dfe Nabenh\u00f6hen und entsprechende Rotordurchmesser aus.<\/p>\n<p>Bereits seit etwas mehr als zehn Jahren wird in Retzstadt Strom aus Windkraft erzeugt. Die bestehenden Anlagen befinden sich jedoch ausschlie\u00dflich in der Hand ausw\u00e4rtiger Investoren. Durch die Gr\u00fcndung der B\u00fcrgerEnergie Retzstadt eG sind neben den kleineren Investitionen in Photovoltaik-Dachanlagen nun auch Investitionen in der H\u00f6he m\u00f6glich, wie sie f\u00fcr einen Windpark erforderlich sind. In der au\u00dferordentlichen Hauptversammlung am 7.9.2011 wurde von den 72 anwesenden Genossenschaftsmitgliedern einstimmig die Planung eines eigenen Windparks beschlossen.<\/p>\n<p>Das vorgesehene Planungsgebiet befindet sich nord\u00f6stlich des Dorfes und bietet sich f\u00fcr die Nutzung durch Windkraftanlagen vorz\u00fcglich an.<\/p>\n","protected":false},"excerpt":{"rendered":"<p>Durch die Gesetzgebung der Bundesregierung ist es privaten Investoren seit etwa 20 Jahren m\u00f6glich ein Windrad zur Stromerzeugung mit Aussicht auf wirtschaftlichen Erfolg zu betreiben. Anfangs war dies nur an Starkwindstandorten an der K\u00fcste sinnvoll. Durch kontinuierliche technische Weiterentwicklung sind mittlerweile auch spezielle Anlagen f\u00fcr den Betrieb an sogenannten Schwachwindstandorten im Binnenland erh\u00e4ltlich. Diese zeichnen <a href=\"http:\/\/www.buergerenergie-retzstadt.de\/?page_id=29\">[Mehr &#8230;]<\/a><\/p>\n","protected":false},"author":1,"featured_media":0,"parent":0,"menu_order":0,"comment_status":"open","ping_status":"open","template":"","meta":[],"_links":{"self":[{"href":"http:\/\/www.buergerenergie-retzstadt.de\/index.php?rest_route=\/wp\/v2\/pages\/29"}],"collection":[{"href":"http:\/\/www.buergerenergie-retzstadt.de\/index.php?rest_route=\/wp\/v2\/pages"}],"about":[{"href":"http:\/\/www.buergerenergie-retzstadt.de\/index.php?rest_route=\/wp\/v2\/types\/page"}],"author":[{"embeddable":true,"href":"http:\/\/www.buergerenergie-retzstadt.de\/index.php?rest_route=\/wp\/v2\/users\/1"}],"replies":[{"embeddable":true,"href":"http:\/\/www.buergerenergie-retzstadt.de\/index.php?rest_route=%2Fwp%2Fv2%2Fcomments&post=29"}],"version-history":[{"count":9,"href":"http:\/\/www.buergerenergie-retzstadt.de\/index.php?rest_route=\/wp\/v2\/pages\/29\/revisions"}],"predecessor-version":[{"id":146,"href":"http:\/\/www.buergerenergie-retzstadt.de\/index.php?rest_route=\/wp\/v2\/pages\/29\/revisions\/146"}],"wp:attachment":[{"href":"http:\/\/www.buergerenergie-retzstadt.de\/index.php?rest_route=%2Fwp%2Fv2%2Fmedia&parent=29"}],"curies":[{"name":"wp","href":"https:\/\/api.w.org\/{rel}","templated":true}]}}