{"id":33,"date":"2011-12-22T00:22:03","date_gmt":"2011-12-21T23:22:03","guid":{"rendered":"http:\/\/www.delphidb.de\/wp-test\/?page_id=33"},"modified":"2012-02-02T21:39:56","modified_gmt":"2012-02-02T21:39:56","slug":"photovoltaik","status":"publish","type":"page","link":"http:\/\/www.buergerenergie-retzstadt.de\/?page_id=33","title":{"rendered":"Photovoltaik"},"content":{"rendered":"<h3>\u201eDie Ressourcen vor Ort nutzen\u201c<\/h3>\n<p>Unter diesem Motto pachtet die Genossenschaft B\u00fcrgerEnergie Retzstadt eG D\u00e4cher auf landwirtschaftlichen Lagerhallen, Wohnh\u00e4usern und anderen Geb\u00e4uden im Ort an, um darauf Photovoltaikanlagen zur Stromgewinnung zu installieren.<\/p>\n<p>Je nach Wunsch des Dacheigent\u00fcmers wird entweder der produzierte Strom vollst\u00e4ndig ins \u00f6ffentliche Netz eingespeist oder kann bei Bedarf auch am Objekt verbraucht werden. Durch das erneuerbare Energien-Gesetz (EEG) ist der Netzbetreiber dazu verpflichtet den erzeugten Strom zu einer f\u00fcr 20 Jahre festgelegten Verg\u00fctung abzunehmen.<\/p>\n<p>Bisher sind 15\u00a0 D\u00e4cher gepachtet, auf denen eine Leistung von insgesamt 234 kWp installiert wurde.<\/p>\n<p>Die B\u00fcrgerEnergie Retzstadt eG zahlt dem Eigent\u00fcmer eine j\u00e4hrliche Pacht in H\u00f6he von 6 % des erwirtschafteten Stromertrages. Die Laufzeit der Pachtvertr\u00e4ge orientiert sich an der im EEG festgelegte Laufzeit der Einspeiseverg\u00fctung von 20 Jahren.<\/p>\n<p>&nbsp;<\/p>\n<div id=\"attachment_241\" style=\"width: 727px\" class=\"wp-caption aligncenter\"><a href=\"http:\/\/www.buergerenergie-retzstadt.de\/wp-content\/uploads\/2011\/12\/20120202-TA-_K2048913.jpg\"><img aria-describedby=\"caption-attachment-241\" loading=\"lazy\" class=\" wp-image-241  \" title=\"20120202-TA-_K204891\" src=\"http:\/\/www.buergerenergie-retzstadt.de\/wp-content\/uploads\/2011\/12\/20120202-TA-_K2048913-1024x400.jpg\" alt=\"Feldscheunen\" width=\"717\" height=\"280\" srcset=\"http:\/\/www.buergerenergie-retzstadt.de\/wp-content\/uploads\/2011\/12\/20120202-TA-_K2048913-1024x400.jpg 1024w, http:\/\/www.buergerenergie-retzstadt.de\/wp-content\/uploads\/2011\/12\/20120202-TA-_K2048913-300x117.jpg 300w\" sizes=\"(max-width: 717px) 100vw, 717px\" \/><\/a><p id=\"caption-attachment-241\" class=\"wp-caption-text\">Feldscheunen - auch 10 PV-Anlagen der B\u00fcrgerEnergie Retzstadt spiegeln sich im Abendlicht<\/p><\/div>\n","protected":false},"excerpt":{"rendered":"<p>\u201eDie Ressourcen vor Ort nutzen\u201c Unter diesem Motto pachtet die Genossenschaft B\u00fcrgerEnergie Retzstadt eG D\u00e4cher auf landwirtschaftlichen Lagerhallen, Wohnh\u00e4usern und anderen Geb\u00e4uden im Ort an, um darauf Photovoltaikanlagen zur Stromgewinnung zu installieren. Je nach Wunsch des Dacheigent\u00fcmers wird entweder der produzierte Strom vollst\u00e4ndig ins \u00f6ffentliche Netz eingespeist oder kann bei Bedarf auch am Objekt verbraucht <a href=\"http:\/\/www.buergerenergie-retzstadt.de\/?page_id=33\">[Mehr &#8230;]<\/a><\/p>\n","protected":false},"author":1,"featured_media":0,"parent":0,"menu_order":0,"comment_status":"open","ping_status":"open","template":"","meta":[],"_links":{"self":[{"href":"http:\/\/www.buergerenergie-retzstadt.de\/index.php?rest_route=\/wp\/v2\/pages\/33"}],"collection":[{"href":"http:\/\/www.buergerenergie-retzstadt.de\/index.php?rest_route=\/wp\/v2\/pages"}],"about":[{"href":"http:\/\/www.buergerenergie-retzstadt.de\/index.php?rest_route=\/wp\/v2\/types\/page"}],"author":[{"embeddable":true,"href":"http:\/\/www.buergerenergie-retzstadt.de\/index.php?rest_route=\/wp\/v2\/users\/1"}],"replies":[{"embeddable":true,"href":"http:\/\/www.buergerenergie-retzstadt.de\/index.php?rest_route=%2Fwp%2Fv2%2Fcomments&post=33"}],"version-history":[{"count":14,"href":"http:\/\/www.buergerenergie-retzstadt.de\/index.php?rest_route=\/wp\/v2\/pages\/33\/revisions"}],"predecessor-version":[{"id":38,"href":"http:\/\/www.buergerenergie-retzstadt.de\/index.php?rest_route=\/wp\/v2\/pages\/33\/revisions\/38"}],"wp:attachment":[{"href":"http:\/\/www.buergerenergie-retzstadt.de\/index.php?rest_route=%2Fwp%2Fv2%2Fmedia&parent=33"}],"curies":[{"name":"wp","href":"https:\/\/api.w.org\/{rel}","templated":true}]}}