{"id":45,"date":"2011-12-22T00:52:35","date_gmt":"2011-12-21T23:52:35","guid":{"rendered":"http:\/\/www.delphidb.de\/wp-test\/?page_id=45"},"modified":"2014-12-16T17:34:32","modified_gmt":"2014-12-16T17:34:32","slug":"genossenschaft","status":"publish","type":"page","link":"http:\/\/www.buergerenergie-retzstadt.de\/?page_id=45","title":{"rendered":"Genossenschaft"},"content":{"rendered":"<p>Die B\u00fcrgerEnergie Retzstadt e.G. wurde am 11.05.2011 in Retzstadt mit 128 Mitgliedern gegr\u00fcndet.<\/p>\n<p>Unser vorrangiges Ziel ist die Installation von Anlagen zur Nutzung erneuerbarer Energien. Kurzfristig sind dies zun\u00e4chst die Montage von Photovoltaikanlagen auf gemieteten D\u00e4chern sowie die Ausweisung eines B\u00fcrgerwindparks. Mittel-\u00a0 bis langfristig ist der Aufbau eines Nahw\u00e4rmenetzes in Retzstadt geplant. Wir wollen so die bei uns vorhandenen Ressourcen effektiv und zum Vorteil der hier lebenden B\u00fcrger nutzen.<\/p>\n<p>Ein Gesch\u00e4ftsanteil an der Genossenschaft betr\u00e4gt 500 \u20ac. Da in der Satzung ein Gemeindeprinzip festgelegt wurde, d\u00fcrfen diese nur von in Retzstadt wohnenden B\u00fcrgern gezeichnet werden. \u00dcber Ausnahmen im Einzelfall \u2013 z.B. f\u00fcr Personen, die berufsbedingt oder aus famili\u00e4ren Gr\u00fcnden weggezogen sind \u2013 m\u00fcssen Vorstand und Aufsichtsrat gemeinsam entscheiden.<\/p>\n<p>Den Vorstand der B\u00fcrgerEnergie Retzstadt eG bilden Marco Keller und Thomas Adelmann. Sie sind f\u00fcr die Gesch\u00e4ftsf\u00fchrung der Genossenschaft zust\u00e4ndig und vertreten diese gemeinsam nach au\u00dfen. Der Aufsichtsrat besteht aus dem Vorsitzenden, seinem Stellvertreter, dem Schriftf\u00fchrer und vier weiteren Mitgliedern. In dieses Amt wurden Karl Gerhard (B\u00fcrgermeister von Retzstadt), Peter May, Bernhard Hirsch, Tim Krautmann, Jutta Wydra-Wycisk, Stephan Br\u00f6nner und Christian M\u00fcller gew\u00e4hlt.<\/p>\n<p>Derzeit besteht die Genossenschaft aus 289 Mitgliedern, welche insgesamt ein Kapital von \u00fcber einer halben Million Euro gezeichnet haben.<\/p>\n","protected":false},"excerpt":{"rendered":"<p>Die B\u00fcrgerEnergie Retzstadt e.G. wurde am 11.05.2011 in Retzstadt mit 128 Mitgliedern gegr\u00fcndet. Unser vorrangiges Ziel ist die Installation von Anlagen zur Nutzung erneuerbarer Energien. Kurzfristig sind dies zun\u00e4chst die Montage von Photovoltaikanlagen auf gemieteten D\u00e4chern sowie die Ausweisung eines B\u00fcrgerwindparks. Mittel-\u00a0 bis langfristig ist der Aufbau eines Nahw\u00e4rmenetzes in Retzstadt geplant. Wir wollen so <a href=\"http:\/\/www.buergerenergie-retzstadt.de\/?page_id=45\">[Mehr &#8230;]<\/a><\/p>\n","protected":false},"author":1,"featured_media":0,"parent":0,"menu_order":0,"comment_status":"open","ping_status":"open","template":"","meta":[],"_links":{"self":[{"href":"http:\/\/www.buergerenergie-retzstadt.de\/index.php?rest_route=\/wp\/v2\/pages\/45"}],"collection":[{"href":"http:\/\/www.buergerenergie-retzstadt.de\/index.php?rest_route=\/wp\/v2\/pages"}],"about":[{"href":"http:\/\/www.buergerenergie-retzstadt.de\/index.php?rest_route=\/wp\/v2\/types\/page"}],"author":[{"embeddable":true,"href":"http:\/\/www.buergerenergie-retzstadt.de\/index.php?rest_route=\/wp\/v2\/users\/1"}],"replies":[{"embeddable":true,"href":"http:\/\/www.buergerenergie-retzstadt.de\/index.php?rest_route=%2Fwp%2Fv2%2Fcomments&post=45"}],"version-history":[{"count":23,"href":"http:\/\/www.buergerenergie-retzstadt.de\/index.php?rest_route=\/wp\/v2\/pages\/45\/revisions"}],"predecessor-version":[{"id":629,"href":"http:\/\/www.buergerenergie-retzstadt.de\/index.php?rest_route=\/wp\/v2\/pages\/45\/revisions\/629"}],"wp:attachment":[{"href":"http:\/\/www.buergerenergie-retzstadt.de\/index.php?rest_route=%2Fwp%2Fv2%2Fmedia&parent=45"}],"curies":[{"name":"wp","href":"https:\/\/api.w.org\/{rel}","templated":true}]}}