{"id":482,"date":"2014-01-12T19:24:56","date_gmt":"2014-01-12T19:24:56","guid":{"rendered":"http:\/\/www.buergerenergie-retzstadt.de\/?page_id=482"},"modified":"2014-01-12T19:40:52","modified_gmt":"2014-01-12T19:40:52","slug":"modellansicht-burgerwindpark-retzstadt","status":"publish","type":"page","link":"http:\/\/www.buergerenergie-retzstadt.de\/?page_id=482","title":{"rendered":"Modellansichten"},"content":{"rendered":"<p><strong>Wo werden die Windr\u00e4der aufgestellt?<br \/>\nWie werden die Windr\u00e4der zu sehen sein?<\/strong><br \/>\nUm diese Fragen zu beantworten, wurden ma\u00dfst\u00e4bliche Modelle der geplanten Windr\u00e4der \u00fcber die freie Software Google Earth in das Gel\u00e4nde eingebettet.<\/p>\n<div id=\"attachment_517\" style=\"width: 310px\" class=\"wp-caption aligncenter\"><a href=\"http:\/\/www.buergerenergie-retzstadt.de\/wp-content\/uploads\/2014\/01\/Uebersicht_WP_Retzstadt.jpg\"><img aria-describedby=\"caption-attachment-517\" loading=\"lazy\" class=\"size-medium wp-image-517\" title=\"Uebersicht_WP_Retzstadt\" src=\"http:\/\/www.buergerenergie-retzstadt.de\/wp-content\/uploads\/2014\/01\/Uebersicht_WP_Retzstadt-300x200.jpg\" alt=\"\" width=\"300\" height=\"200\" srcset=\"http:\/\/www.buergerenergie-retzstadt.de\/wp-content\/uploads\/2014\/01\/Uebersicht_WP_Retzstadt-300x200.jpg 300w, http:\/\/www.buergerenergie-retzstadt.de\/wp-content\/uploads\/2014\/01\/Uebersicht_WP_Retzstadt-1024x684.jpg 1024w, http:\/\/www.buergerenergie-retzstadt.de\/wp-content\/uploads\/2014\/01\/Uebersicht_WP_Retzstadt.jpg 1044w\" sizes=\"(max-width: 300px) 100vw, 300px\" \/><\/a><p id=\"caption-attachment-517\" class=\"wp-caption-text\">Lage B\u00fcrgerwindpark Retzstadt<\/p><\/div>\n<p><span style=\"color: #0000ff;\"><a title=\"Interaktive Navigation mittels Google Earth\" href=\"http:\/\/www.buergerenergie-retzstadt.de\/?page_id=464\" target=\"_blank\"><span style=\"color: #0000ff;\"><strong>*** Interaktive Navigation \u00fcber Google Earth ***<\/strong><\/span><\/a><\/span><br \/>\n\u00dcber die drei rechts oben im Bild angeordneten Bedienelemente kann individuell an jede Stelle navigiert werden.<\/p>\n<p><strong>Zur schnellen \u00dcbersicht sind einige fertige Sichten auf die geplanten Windr\u00e4der dargestellt:<\/strong><\/p>\n<div id=\"attachment_507\" style=\"width: 310px\" class=\"wp-caption aligncenter\"><a href=\"http:\/\/www.buergerenergie-retzstadt.de\/wp-content\/uploads\/2014\/01\/Rathausplatz.jpg\"><img aria-describedby=\"caption-attachment-507\" loading=\"lazy\" class=\"size-medium wp-image-507\" title=\"Rathausplatz\" src=\"http:\/\/www.buergerenergie-retzstadt.de\/wp-content\/uploads\/2014\/01\/Rathausplatz-300x200.jpg\" alt=\"\" width=\"300\" height=\"200\" srcset=\"http:\/\/www.buergerenergie-retzstadt.de\/wp-content\/uploads\/2014\/01\/Rathausplatz-300x200.jpg 300w, http:\/\/www.buergerenergie-retzstadt.de\/wp-content\/uploads\/2014\/01\/Rathausplatz-1024x684.jpg 1024w, http:\/\/www.buergerenergie-retzstadt.de\/wp-content\/uploads\/2014\/01\/Rathausplatz.jpg 1044w\" sizes=\"(max-width: 300px) 100vw, 300px\" \/><\/a><p id=\"caption-attachment-507\" class=\"wp-caption-text\">Sicht vom Rathausplatz<\/p><\/div>\n<div id=\"attachment_514\" style=\"width: 310px\" class=\"wp-caption aligncenter\"><a href=\"http:\/\/www.buergerenergie-retzstadt.de\/wp-content\/uploads\/2014\/01\/Sportheim.jpg\"><img aria-describedby=\"caption-attachment-514\" loading=\"lazy\" class=\"size-medium wp-image-514\" title=\"Sportheim\" src=\"http:\/\/www.buergerenergie-retzstadt.de\/wp-content\/uploads\/2014\/01\/Sportheim-300x200.jpg\" alt=\"\" width=\"300\" height=\"200\" srcset=\"http:\/\/www.buergerenergie-retzstadt.de\/wp-content\/uploads\/2014\/01\/Sportheim-300x200.jpg 300w, http:\/\/www.buergerenergie-retzstadt.de\/wp-content\/uploads\/2014\/01\/Sportheim-1024x684.jpg 1024w, http:\/\/www.buergerenergie-retzstadt.de\/wp-content\/uploads\/2014\/01\/Sportheim.jpg 1044w\" sizes=\"(max-width: 300px) 100vw, 300px\" \/><\/a><p id=\"caption-attachment-514\" class=\"wp-caption-text\">Sicht vom Sportheim<\/p><\/div>\n<div id=\"attachment_516\" style=\"width: 310px\" class=\"wp-caption aligncenter\"><a href=\"http:\/\/www.buergerenergie-retzstadt.de\/wp-content\/uploads\/2014\/01\/Rothstra\u00dfe.jpg\"><img aria-describedby=\"caption-attachment-516\" loading=\"lazy\" class=\"size-medium wp-image-516\" title=\"Rothstra\u00dfe\" src=\"http:\/\/www.buergerenergie-retzstadt.de\/wp-content\/uploads\/2014\/01\/Rothstra\u00dfe-300x200.jpg\" alt=\"\" width=\"300\" height=\"200\" srcset=\"http:\/\/www.buergerenergie-retzstadt.de\/wp-content\/uploads\/2014\/01\/Rothstra\u00dfe-300x200.jpg 300w, http:\/\/www.buergerenergie-retzstadt.de\/wp-content\/uploads\/2014\/01\/Rothstra\u00dfe-1024x684.jpg 1024w, http:\/\/www.buergerenergie-retzstadt.de\/wp-content\/uploads\/2014\/01\/Rothstra\u00dfe.jpg 1044w\" sizes=\"(max-width: 300px) 100vw, 300px\" \/><\/a><p id=\"caption-attachment-516\" class=\"wp-caption-text\">Sicht aus Rothstra\u00dfe<\/p><\/div>\n<div id=\"attachment_519\" style=\"width: 310px\" class=\"wp-caption aligncenter\"><a href=\"http:\/\/www.buergerenergie-retzstadt.de\/wp-content\/uploads\/2014\/01\/Einfahrt-Beetenstra\u00dfe.jpg\"><img aria-describedby=\"caption-attachment-519\" loading=\"lazy\" class=\"size-medium wp-image-519\" title=\"Einfahrt Beetenstra\u00dfe\" src=\"http:\/\/www.buergerenergie-retzstadt.de\/wp-content\/uploads\/2014\/01\/Einfahrt-Beetenstra\u00dfe-300x200.jpg\" alt=\"\" width=\"300\" height=\"200\" srcset=\"http:\/\/www.buergerenergie-retzstadt.de\/wp-content\/uploads\/2014\/01\/Einfahrt-Beetenstra\u00dfe-300x200.jpg 300w, http:\/\/www.buergerenergie-retzstadt.de\/wp-content\/uploads\/2014\/01\/Einfahrt-Beetenstra\u00dfe-1024x684.jpg 1024w, http:\/\/www.buergerenergie-retzstadt.de\/wp-content\/uploads\/2014\/01\/Einfahrt-Beetenstra\u00dfe.jpg 1044w\" sizes=\"(max-width: 300px) 100vw, 300px\" \/><\/a><p id=\"caption-attachment-519\" class=\"wp-caption-text\">Ortsausgang Richtung Gramschatz<\/p><\/div>\n<div id=\"attachment_520\" style=\"width: 310px\" class=\"wp-caption aligncenter\"><a href=\"http:\/\/www.buergerenergie-retzstadt.de\/wp-content\/uploads\/2014\/01\/Steinberg.jpg\"><img aria-describedby=\"caption-attachment-520\" loading=\"lazy\" class=\"size-medium wp-image-520\" title=\"Steinberg\" src=\"http:\/\/www.buergerenergie-retzstadt.de\/wp-content\/uploads\/2014\/01\/Steinberg-300x200.jpg\" alt=\"\" width=\"300\" height=\"200\" srcset=\"http:\/\/www.buergerenergie-retzstadt.de\/wp-content\/uploads\/2014\/01\/Steinberg-300x200.jpg 300w, http:\/\/www.buergerenergie-retzstadt.de\/wp-content\/uploads\/2014\/01\/Steinberg-1024x684.jpg 1024w, http:\/\/www.buergerenergie-retzstadt.de\/wp-content\/uploads\/2014\/01\/Steinberg.jpg 1044w\" sizes=\"(max-width: 300px) 100vw, 300px\" \/><\/a><p id=\"caption-attachment-520\" class=\"wp-caption-text\">Sicht vom Steinberg<\/p><\/div>\n","protected":false},"excerpt":{"rendered":"<p>Wo werden die Windr\u00e4der aufgestellt? Wie werden die Windr\u00e4der zu sehen sein? Um diese Fragen zu beantworten, wurden ma\u00dfst\u00e4bliche Modelle der geplanten Windr\u00e4der \u00fcber die freie Software Google Earth in das Gel\u00e4nde eingebettet. *** Interaktive Navigation \u00fcber Google Earth *** \u00dcber die drei rechts oben im Bild angeordneten Bedienelemente kann individuell an jede Stelle navigiert <a href=\"http:\/\/www.buergerenergie-retzstadt.de\/?page_id=482\">[Mehr &#8230;]<\/a><\/p>\n","protected":false},"author":4,"featured_media":0,"parent":29,"menu_order":2,"comment_status":"open","ping_status":"open","template":"","meta":[],"_links":{"self":[{"href":"http:\/\/www.buergerenergie-retzstadt.de\/index.php?rest_route=\/wp\/v2\/pages\/482"}],"collection":[{"href":"http:\/\/www.buergerenergie-retzstadt.de\/index.php?rest_route=\/wp\/v2\/pages"}],"about":[{"href":"http:\/\/www.buergerenergie-retzstadt.de\/index.php?rest_route=\/wp\/v2\/types\/page"}],"author":[{"embeddable":true,"href":"http:\/\/www.buergerenergie-retzstadt.de\/index.php?rest_route=\/wp\/v2\/users\/4"}],"replies":[{"embeddable":true,"href":"http:\/\/www.buergerenergie-retzstadt.de\/index.php?rest_route=%2Fwp%2Fv2%2Fcomments&post=482"}],"version-history":[{"count":19,"href":"http:\/\/www.buergerenergie-retzstadt.de\/index.php?rest_route=\/wp\/v2\/pages\/482\/revisions"}],"predecessor-version":[{"id":547,"href":"http:\/\/www.buergerenergie-retzstadt.de\/index.php?rest_route=\/wp\/v2\/pages\/482\/revisions\/547"}],"up":[{"embeddable":true,"href":"http:\/\/www.buergerenergie-retzstadt.de\/index.php?rest_route=\/wp\/v2\/pages\/29"}],"wp:attachment":[{"href":"http:\/\/www.buergerenergie-retzstadt.de\/index.php?rest_route=%2Fwp%2Fv2%2Fmedia&parent=482"}],"curies":[{"name":"wp","href":"https:\/\/api.w.org\/{rel}","templated":true}]}}