{"id":584,"date":"2014-03-01T19:51:43","date_gmt":"2014-03-01T19:51:43","guid":{"rendered":"http:\/\/www.buergerenergie-retzstadt.de\/?page_id=584"},"modified":"2014-12-16T17:23:05","modified_gmt":"2014-12-16T17:23:05","slug":"beteiligungsangebot","status":"publish","type":"page","link":"http:\/\/www.buergerenergie-retzstadt.de\/?page_id=584","title":{"rendered":"Beteiligung"},"content":{"rendered":"<p>F\u00fcr Bau und Betrieb wurde eine Betreibergesellschaft gegr\u00fcndet.<br \/>\nDie B\u00fcrgerwindenergie Retzstadt GmbH &amp; Co. KG.<\/p>\n<p>Das n\u00f6tige Eigenkapital ist restlos gezeichnet. Eine Beteiligung ist daher nicht mehr m\u00f6glich.<\/p>\n","protected":false},"excerpt":{"rendered":"<p>F\u00fcr Bau und Betrieb wurde eine Betreibergesellschaft gegr\u00fcndet. Die B\u00fcrgerwindenergie Retzstadt GmbH &amp; Co. KG. Das n\u00f6tige Eigenkapital ist restlos gezeichnet. Eine Beteiligung ist daher nicht mehr m\u00f6glich.<\/p>\n","protected":false},"author":2,"featured_media":0,"parent":29,"menu_order":0,"comment_status":"open","ping_status":"open","template":"","meta":[],"_links":{"self":[{"href":"http:\/\/www.buergerenergie-retzstadt.de\/index.php?rest_route=\/wp\/v2\/pages\/584"}],"collection":[{"href":"http:\/\/www.buergerenergie-retzstadt.de\/index.php?rest_route=\/wp\/v2\/pages"}],"about":[{"href":"http:\/\/www.buergerenergie-retzstadt.de\/index.php?rest_route=\/wp\/v2\/types\/page"}],"author":[{"embeddable":true,"href":"http:\/\/www.buergerenergie-retzstadt.de\/index.php?rest_route=\/wp\/v2\/users\/2"}],"replies":[{"embeddable":true,"href":"http:\/\/www.buergerenergie-retzstadt.de\/index.php?rest_route=%2Fwp%2Fv2%2Fcomments&post=584"}],"version-history":[{"count":11,"href":"http:\/\/www.buergerenergie-retzstadt.de\/index.php?rest_route=\/wp\/v2\/pages\/584\/revisions"}],"predecessor-version":[{"id":627,"href":"http:\/\/www.buergerenergie-retzstadt.de\/index.php?rest_route=\/wp\/v2\/pages\/584\/revisions\/627"}],"up":[{"embeddable":true,"href":"http:\/\/www.buergerenergie-retzstadt.de\/index.php?rest_route=\/wp\/v2\/pages\/29"}],"wp:attachment":[{"href":"http:\/\/www.buergerenergie-retzstadt.de\/index.php?rest_route=%2Fwp%2Fv2%2Fmedia&parent=584"}],"curies":[{"name":"wp","href":"https:\/\/api.w.org\/{rel}","templated":true}]}}