{"id":85,"date":"2011-12-27T22:59:05","date_gmt":"2011-12-27T21:59:05","guid":{"rendered":"http:\/\/www.delphidb.de\/wp-test\/?page_id=85"},"modified":"2012-01-14T12:36:58","modified_gmt":"2012-01-14T12:36:58","slug":"retzstadt","status":"publish","type":"page","link":"http:\/\/www.buergerenergie-retzstadt.de\/?page_id=85","title":{"rendered":"Retzstadt"},"content":{"rendered":"<p><a href=\"http:\/\/www.buergerenergie-retzstadt.de\/wp-content\/uploads\/2011\/12\/P5240011.jpg\"><img loading=\"lazy\" class=\"alignright size-medium wp-image-152\" title=\"OLYMPUS DIGITAL CAMERA\" src=\"http:\/\/www.buergerenergie-retzstadt.de\/wp-content\/uploads\/2011\/12\/P5240011-300x225.jpg\" alt=\"\" width=\"300\" height=\"225\" srcset=\"http:\/\/www.buergerenergie-retzstadt.de\/wp-content\/uploads\/2011\/12\/P5240011-300x225.jpg 300w, http:\/\/www.buergerenergie-retzstadt.de\/wp-content\/uploads\/2011\/12\/P5240011-1024x768.jpg 1024w, http:\/\/www.buergerenergie-retzstadt.de\/wp-content\/uploads\/2011\/12\/P5240011.jpg 1600w\" sizes=\"(max-width: 300px) 100vw, 300px\" \/><\/a>Der bekannte fr\u00e4nkische Weinort Retzstadt liegt im \u00f6stlichen Teil des Landkreises Main-Spessart in einem Seitental des Maines von Rebh\u00e4ngen umgeben. Benachbart liegen die St\u00e4dte Karlstadt und W\u00fcrzburg. Mitten durch dieses Tal flie\u00dft die Retz, ein kleiner Bach, der namensgebend f\u00fcr diesen Ort war.<\/p>\n<p>Schon am Taleingang begr\u00fc\u00dfen in Retzbach die Wallfahrtskirche &#8222;Maria im Gr\u00fcnen Tal&#8220; und die Balthasar-Neumann-Pfarrkirche den Gast, begleitet von Auw\u00e4ldern, Rebh\u00e4ngen und Wald erreicht man dann das rundum in Weinberge eingebettete Retzstadt.<\/p>\n<p>Erstmals urkundlich erw\u00e4hnt wurde die Siedlung &#8222;Recisstadt&#8220;, wie sie damals hie\u00df, in der Mitte des 8. Jahrhunderts. Es soll sich dort zur damaligen Zeit ein Schloss befunden haben. Heute hat Retzstadt ca. 1700 Einwohner bei einer Fl\u00e4che von 1800 ha und ist landwirtschaftlich gepr\u00e4gt. Wein ist hierbei der wichtigste Markenartikel. Seit mehr als 1000 Jahren werden hier Trauben geerntet. Heute werden auf einer Fl\u00e4che von mehr als 70 Hektar unter der Bezeichnung &#8222;Retzstadter Langenberg&#8220; haupts\u00e4chlich die Sorten M\u00fcller-Thurgau, Silvaner, Bacchus, Kerner und Sp\u00e4tburgunder angebaut. Mehr als 1100 ha entfallen auf landwirtschaftliche Fl\u00e4chen und 430 ha auf Wald.<\/p>\n","protected":false},"excerpt":{"rendered":"<p>Der bekannte fr\u00e4nkische Weinort Retzstadt liegt im \u00f6stlichen Teil des Landkreises Main-Spessart in einem Seitental des Maines von Rebh\u00e4ngen umgeben. Benachbart liegen die St\u00e4dte Karlstadt und W\u00fcrzburg. Mitten durch dieses Tal flie\u00dft die Retz, ein kleiner Bach, der namensgebend f\u00fcr diesen Ort war. Schon am Taleingang begr\u00fc\u00dfen in Retzbach die Wallfahrtskirche &#8222;Maria im Gr\u00fcnen Tal&#8220; <a href=\"http:\/\/www.buergerenergie-retzstadt.de\/?page_id=85\">[Mehr &#8230;]<\/a><\/p>\n","protected":false},"author":1,"featured_media":0,"parent":45,"menu_order":3,"comment_status":"open","ping_status":"open","template":"","meta":[],"_links":{"self":[{"href":"http:\/\/www.buergerenergie-retzstadt.de\/index.php?rest_route=\/wp\/v2\/pages\/85"}],"collection":[{"href":"http:\/\/www.buergerenergie-retzstadt.de\/index.php?rest_route=\/wp\/v2\/pages"}],"about":[{"href":"http:\/\/www.buergerenergie-retzstadt.de\/index.php?rest_route=\/wp\/v2\/types\/page"}],"author":[{"embeddable":true,"href":"http:\/\/www.buergerenergie-retzstadt.de\/index.php?rest_route=\/wp\/v2\/users\/1"}],"replies":[{"embeddable":true,"href":"http:\/\/www.buergerenergie-retzstadt.de\/index.php?rest_route=%2Fwp%2Fv2%2Fcomments&post=85"}],"version-history":[{"count":9,"href":"http:\/\/www.buergerenergie-retzstadt.de\/index.php?rest_route=\/wp\/v2\/pages\/85\/revisions"}],"predecessor-version":[{"id":151,"href":"http:\/\/www.buergerenergie-retzstadt.de\/index.php?rest_route=\/wp\/v2\/pages\/85\/revisions\/151"}],"up":[{"embeddable":true,"href":"http:\/\/www.buergerenergie-retzstadt.de\/index.php?rest_route=\/wp\/v2\/pages\/45"}],"wp:attachment":[{"href":"http:\/\/www.buergerenergie-retzstadt.de\/index.php?rest_route=%2Fwp%2Fv2%2Fmedia&parent=85"}],"curies":[{"name":"wp","href":"https:\/\/api.w.org\/{rel}","templated":true}]}}